{"id":12,"date":"2025-08-12T19:00:31","date_gmt":"2025-08-12T17:00:31","guid":{"rendered":"https:\/\/serwer377463.lh.pl\/autoinstalator\/serwer377463.lh.pl\/wordpress131071\/?page_id=12"},"modified":"2025-08-22T13:30:19","modified_gmt":"2025-08-22T11:30:19","slug":"kontakt","status":"publish","type":"page","link":"https:\/\/mywellosophy.pl\/index.php\/kontakt\/","title":{"rendered":"Kontakt"},"content":{"rendered":"\n<p>Strona z podstawowymi informacjami kontaktowymi, takimi jak adres, numer telefonu. Mo\u017cna tak\u017ce spr\u00f3bowa\u0107 wtyczki, za pomoc\u0105 kt\u00f3rej dodamy formularz kontaktowy.<\/p>\n\n\n\n<div class=\"wpcf7 no-js\" id=\"wpcf7-f75-o1\" lang=\"pl-PL\" dir=\"ltr\" data-wpcf7-id=\"75\">\n<div class=\"screen-reader-response\"><p role=\"status\" aria-live=\"polite\" aria-atomic=\"true\"><\/p> <ul><\/ul><\/div>\n<form action=\"\/index.php\/wp-json\/wp\/v2\/pages\/12#wpcf7-f75-o1\" method=\"post\" class=\"wpcf7-form init\" aria-label=\"Formularz kontaktowy\" novalidate=\"novalidate\" data-status=\"init\">\n<fieldset class=\"hidden-fields-container\"><input type=\"hidden\" name=\"_wpcf7\" value=\"75\" \/><input type=\"hidden\" name=\"_wpcf7_version\" value=\"6.1.1\" \/><input type=\"hidden\" name=\"_wpcf7_locale\" value=\"pl_PL\" \/><input type=\"hidden\" name=\"_wpcf7_unit_tag\" value=\"wpcf7-f75-o1\" \/><input type=\"hidden\" name=\"_wpcf7_container_post\" value=\"0\" \/><input type=\"hidden\" name=\"_wpcf7_posted_data_hash\" value=\"\" \/>\n<\/fieldset>\n<p><label> Twoje imi\u0119 i nazwisko<br \/>\n<span class=\"wpcf7-form-control-wrap\" data-name=\"your-name\"><input size=\"40\" maxlength=\"400\" class=\"wpcf7-form-control wpcf7-text wpcf7-validates-as-required\" aria-required=\"true\" aria-invalid=\"false\" value=\"\" type=\"text\" name=\"your-name\" \/><\/span> <\/label>\n<\/p>\n<p><label> Numer Telefonu<br \/>\n<span class=\"wpcf7-form-control-wrap\" data-name=\"tel-570\"><input size=\"40\" maxlength=\"12\" minlength=\"9\" class=\"wpcf7-form-control wpcf7-tel wpcf7-validates-as-required wpcf7-text wpcf7-validates-as-tel\" aria-required=\"true\" aria-invalid=\"false\" value=\"\" type=\"tel\" name=\"tel-570\" \/><\/span> <\/label>\n<\/p>\n<p><label> Twoja wiadomo\u015bci (opcjonalne)<br \/>\n<span class=\"wpcf7-form-control-wrap\" data-name=\"your-message\"><textarea cols=\"40\" rows=\"10\" maxlength=\"2000\" class=\"wpcf7-form-control wpcf7-textarea\" aria-invalid=\"false\" name=\"your-message\"><\/textarea><\/span> <\/label>\n<\/p>\n<p><input class=\"wpcf7-form-control wpcf7-submit has-spinner\" type=\"submit\" value=\"WYSLIJ WIADOMOSC\" \/>\n<\/p><div class=\"wpcf7-response-output\" aria-hidden=\"true\"><\/div>\n<\/form>\n<\/div>\n\n\n\n\n<p><\/p>\n","protected":false},"excerpt":{"rendered":"<p>Strona z podstawowymi informacjami kontaktowymi, takimi jak adres, numer telefonu. Mo\u017cna tak\u017ce spr\u00f3bowa\u0107 wtyczki, za pomoc\u0105 kt\u00f3rej dodamy formularz kontaktowy.<\/p>\n","protected":false},"author":1,"featured_media":63,"parent":0,"menu_order":0,"comment_status":"closed","ping_status":"closed","template":"","meta":{"footnotes":""},"class_list":["post-12","page","type-page","status-publish","has-post-thumbnail","hentry"],"yoast_head":"<!-- This site is optimized with the Yoast SEO plugin v25.8 - https:\/\/yoast.com\/wordpress\/plugins\/seo\/ -->\n<title>Kontakt - mywellosophy<\/title>\n<meta name=\"robots\" content=\"index, follow, max-snippet:-1, max-image-preview:large, max-video-preview:-1\" \/>\n<link rel=\"canonical\" href=\"https:\/\/mywellosophy.pl\/index.php\/kontakt\/\" \/>\n<meta property=\"og:locale\" content=\"pl_PL\" \/>\n<meta property=\"og:type\" content=\"article\" \/>\n<meta property=\"og:title\" content=\"Kontakt - mywellosophy\" \/>\n<meta property=\"og:description\" content=\"Strona z podstawowymi informacjami kontaktowymi, takimi jak adres, numer telefonu. Mo\u017cna tak\u017ce spr\u00f3bowa\u0107 wtyczki, za pomoc\u0105 kt\u00f3rej dodamy formularz kontaktowy.\" \/>\n<meta property=\"og:url\" content=\"https:\/\/mywellosophy.pl\/index.php\/kontakt\/\" \/>\n<meta property=\"og:site_name\" content=\"mywellosophy\" \/>\n<meta property=\"article:publisher\" content=\"https:\/\/www.facebook.com\/mywellosophy\" \/>\n<meta property=\"article:modified_time\" content=\"2025-08-22T11:30:19+00:00\" \/>\n<meta property=\"og:image\" content=\"https:\/\/mywellosophy.pl\/wp-content\/uploads\/2025\/08\/k-36-e1755802546193.jpg\" \/>\n\t<meta property=\"og:image:width\" content=\"2000\" \/>\n\t<meta property=\"og:image:height\" content=\"1333\" \/>\n\t<meta property=\"og:image:type\" content=\"image\/jpeg\" \/>\n<meta name=\"twitter:card\" content=\"summary_large_image\" \/>\n<script type=\"application\/ld+json\" class=\"yoast-schema-graph\">{\"@context\":\"https:\/\/schema.org\",\"@graph\":[{\"@type\":\"WebPage\",\"@id\":\"https:\/\/mywellosophy.pl\/index.php\/kontakt\/\",\"url\":\"https:\/\/mywellosophy.pl\/index.php\/kontakt\/\",\"name\":\"Kontakt - mywellosophy\",\"isPartOf\":{\"@id\":\"http:\/\/mywellosophy.pl\/#website\"},\"primaryImageOfPage\":{\"@id\":\"https:\/\/mywellosophy.pl\/index.php\/kontakt\/#primaryimage\"},\"image\":{\"@id\":\"https:\/\/mywellosophy.pl\/index.php\/kontakt\/#primaryimage\"},\"thumbnailUrl\":\"https:\/\/mywellosophy.pl\/wp-content\/uploads\/2025\/08\/k-36-e1755802546193.jpg\",\"datePublished\":\"2025-08-12T17:00:31+00:00\",\"dateModified\":\"2025-08-22T11:30:19+00:00\",\"breadcrumb\":{\"@id\":\"https:\/\/mywellosophy.pl\/index.php\/kontakt\/#breadcrumb\"},\"inLanguage\":\"pl-PL\",\"potentialAction\":[{\"@type\":\"ReadAction\",\"target\":[\"https:\/\/mywellosophy.pl\/index.php\/kontakt\/\"]}]},{\"@type\":\"ImageObject\",\"inLanguage\":\"pl-PL\",\"@id\":\"https:\/\/mywellosophy.pl\/index.php\/kontakt\/#primaryimage\",\"url\":\"https:\/\/mywellosophy.pl\/wp-content\/uploads\/2025\/08\/k-36-e1755802546193.jpg\",\"contentUrl\":\"https:\/\/mywellosophy.pl\/wp-content\/uploads\/2025\/08\/k-36-e1755802546193.jpg\",\"width\":2000,\"height\":1333},{\"@type\":\"BreadcrumbList\",\"@id\":\"https:\/\/mywellosophy.pl\/index.php\/kontakt\/#breadcrumb\",\"itemListElement\":[{\"@type\":\"ListItem\",\"position\":1,\"name\":\"Strona g\u0142\u00f3wna\",\"item\":\"http:\/\/mywellosophy.pl\/\"},{\"@type\":\"ListItem\",\"position\":2,\"name\":\"Kontakt\"}]},{\"@type\":\"WebSite\",\"@id\":\"http:\/\/mywellosophy.pl\/#website\",\"url\":\"http:\/\/mywellosophy.pl\/\",\"name\":\"mywellosophy\",\"description\":\"\",\"publisher\":{\"@id\":\"http:\/\/mywellosophy.pl\/#organization\"},\"potentialAction\":[{\"@type\":\"SearchAction\",\"target\":{\"@type\":\"EntryPoint\",\"urlTemplate\":\"http:\/\/mywellosophy.pl\/?s={search_term_string}\"},\"query-input\":{\"@type\":\"PropertyValueSpecification\",\"valueRequired\":true,\"valueName\":\"search_term_string\"}}],\"inLanguage\":\"pl-PL\"},{\"@type\":\"Organization\",\"@id\":\"http:\/\/mywellosophy.pl\/#organization\",\"name\":\"mywellosophy\",\"url\":\"http:\/\/mywellosophy.pl\/\",\"logo\":{\"@type\":\"ImageObject\",\"inLanguage\":\"pl-PL\",\"@id\":\"http:\/\/mywellosophy.pl\/#\/schema\/logo\/image\/\",\"url\":\"https:\/\/mywellosophy.pl\/wp-content\/uploads\/2025\/08\/cropped-Green-Natural-Organic-Health-Nature-Logo.png\",\"contentUrl\":\"https:\/\/mywellosophy.pl\/wp-content\/uploads\/2025\/08\/cropped-Green-Natural-Organic-Health-Nature-Logo.png\",\"width\":304,\"height\":250,\"caption\":\"mywellosophy\"},\"image\":{\"@id\":\"http:\/\/mywellosophy.pl\/#\/schema\/logo\/image\/\"},\"sameAs\":[\"https:\/\/www.facebook.com\/mywellosophy\"]}]}<\/script>\n<!-- \/ Yoast SEO plugin. -->","yoast_head_json":{"title":"Kontakt - mywellosophy","robots":{"index":"index","follow":"follow","max-snippet":"max-snippet:-1","max-image-preview":"max-image-preview:large","max-video-preview":"max-video-preview:-1"},"canonical":"https:\/\/mywellosophy.pl\/index.php\/kontakt\/","og_locale":"pl_PL","og_type":"article","og_title":"Kontakt - mywellosophy","og_description":"Strona z podstawowymi informacjami kontaktowymi, takimi jak adres, numer telefonu. Mo\u017cna tak\u017ce spr\u00f3bowa\u0107 wtyczki, za pomoc\u0105 kt\u00f3rej dodamy formularz kontaktowy.","og_url":"https:\/\/mywellosophy.pl\/index.php\/kontakt\/","og_site_name":"mywellosophy","article_publisher":"https:\/\/www.facebook.com\/mywellosophy","article_modified_time":"2025-08-22T11:30:19+00:00","og_image":[{"width":2000,"height":1333,"url":"https:\/\/mywellosophy.pl\/wp-content\/uploads\/2025\/08\/k-36-e1755802546193.jpg","type":"image\/jpeg"}],"twitter_card":"summary_large_image","schema":{"@context":"https:\/\/schema.org","@graph":[{"@type":"WebPage","@id":"https:\/\/mywellosophy.pl\/index.php\/kontakt\/","url":"https:\/\/mywellosophy.pl\/index.php\/kontakt\/","name":"Kontakt - mywellosophy","isPartOf":{"@id":"http:\/\/mywellosophy.pl\/#website"},"primaryImageOfPage":{"@id":"https:\/\/mywellosophy.pl\/index.php\/kontakt\/#primaryimage"},"image":{"@id":"https:\/\/mywellosophy.pl\/index.php\/kontakt\/#primaryimage"},"thumbnailUrl":"https:\/\/mywellosophy.pl\/wp-content\/uploads\/2025\/08\/k-36-e1755802546193.jpg","datePublished":"2025-08-12T17:00:31+00:00","dateModified":"2025-08-22T11:30:19+00:00","breadcrumb":{"@id":"https:\/\/mywellosophy.pl\/index.php\/kontakt\/#breadcrumb"},"inLanguage":"pl-PL","potentialAction":[{"@type":"ReadAction","target":["https:\/\/mywellosophy.pl\/index.php\/kontakt\/"]}]},{"@type":"ImageObject","inLanguage":"pl-PL","@id":"https:\/\/mywellosophy.pl\/index.php\/kontakt\/#primaryimage","url":"https:\/\/mywellosophy.pl\/wp-content\/uploads\/2025\/08\/k-36-e1755802546193.jpg","contentUrl":"https:\/\/mywellosophy.pl\/wp-content\/uploads\/2025\/08\/k-36-e1755802546193.jpg","width":2000,"height":1333},{"@type":"BreadcrumbList","@id":"https:\/\/mywellosophy.pl\/index.php\/kontakt\/#breadcrumb","itemListElement":[{"@type":"ListItem","position":1,"name":"Strona g\u0142\u00f3wna","item":"http:\/\/mywellosophy.pl\/"},{"@type":"ListItem","position":2,"name":"Kontakt"}]},{"@type":"WebSite","@id":"http:\/\/mywellosophy.pl\/#website","url":"http:\/\/mywellosophy.pl\/","name":"mywellosophy","description":"","publisher":{"@id":"http:\/\/mywellosophy.pl\/#organization"},"potentialAction":[{"@type":"SearchAction","target":{"@type":"EntryPoint","urlTemplate":"http:\/\/mywellosophy.pl\/?s={search_term_string}"},"query-input":{"@type":"PropertyValueSpecification","valueRequired":true,"valueName":"search_term_string"}}],"inLanguage":"pl-PL"},{"@type":"Organization","@id":"http:\/\/mywellosophy.pl\/#organization","name":"mywellosophy","url":"http:\/\/mywellosophy.pl\/","logo":{"@type":"ImageObject","inLanguage":"pl-PL","@id":"http:\/\/mywellosophy.pl\/#\/schema\/logo\/image\/","url":"https:\/\/mywellosophy.pl\/wp-content\/uploads\/2025\/08\/cropped-Green-Natural-Organic-Health-Nature-Logo.png","contentUrl":"https:\/\/mywellosophy.pl\/wp-content\/uploads\/2025\/08\/cropped-Green-Natural-Organic-Health-Nature-Logo.png","width":304,"height":250,"caption":"mywellosophy"},"image":{"@id":"http:\/\/mywellosophy.pl\/#\/schema\/logo\/image\/"},"sameAs":["https:\/\/www.facebook.com\/mywellosophy"]}]}},"_links":{"self":[{"href":"https:\/\/mywellosophy.pl\/index.php\/wp-json\/wp\/v2\/pages\/12","targetHints":{"allow":["GET"]}}],"collection":[{"href":"https:\/\/mywellosophy.pl\/index.php\/wp-json\/wp\/v2\/pages"}],"about":[{"href":"https:\/\/mywellosophy.pl\/index.php\/wp-json\/wp\/v2\/types\/page"}],"author":[{"embeddable":true,"href":"https:\/\/mywellosophy.pl\/index.php\/wp-json\/wp\/v2\/users\/1"}],"replies":[{"embeddable":true,"href":"https:\/\/mywellosophy.pl\/index.php\/wp-json\/wp\/v2\/comments?post=12"}],"version-history":[{"count":2,"href":"https:\/\/mywellosophy.pl\/index.php\/wp-json\/wp\/v2\/pages\/12\/revisions"}],"predecessor-version":[{"id":76,"href":"https:\/\/mywellosophy.pl\/index.php\/wp-json\/wp\/v2\/pages\/12\/revisions\/76"}],"wp:featuredmedia":[{"embeddable":true,"href":"https:\/\/mywellosophy.pl\/index.php\/wp-json\/wp\/v2\/media\/63"}],"wp:attachment":[{"href":"https:\/\/mywellosophy.pl\/index.php\/wp-json\/wp\/v2\/media?parent=12"}],"curies":[{"name":"wp","href":"https:\/\/api.w.org\/{rel}","templated":true}]}}